{"id":286,"date":"2015-11-18T14:18:20","date_gmt":"2015-11-18T07:18:20","guid":{"rendered":"http:\/\/localhost\/globalexpo\/?page_id=286"},"modified":"2021-11-25T11:08:07","modified_gmt":"2021-11-25T04:08:07","slug":"sukien","status":"publish","type":"page","link":"https:\/\/globalexpo.com.vn\/?page_id=286","title":{"rendered":"S\u1ef1 ki\u1ec7n"},"content":{"rendered":"<p style=\"text-align: center;\"><strong>H\u1ed8I NGH\u1eca GIAO TH\u01af\u01a0NG TR\u1ef0C TUY\u1ebeN VI\u1ec6T \u2013 H\u00c0N <\/strong><strong>NG\u00c0NH N\u0102NG L\u01af\u1ee2NG, M\u00d4I TR\u01af\u1edcNG<\/strong><\/p>\n<p style=\"text-align: justify;\"><strong>\u00ad\u00ad<\/strong>Hi\u1ec7n nay, H\u00e0n Qu\u1ed1c l\u00e0 m\u1ed9t trong nh\u1eefng \u0111\u1ed1i t\u00e1c quan tr\u1ecdng h\u00e0ng \u0111\u1ea7u c\u1ee7a Vi\u1ec7t Nam, \u0111\u1ee9ng th\u1ee9 nh\u1ea5t v\u1ec1 \u0111\u1ea7u t\u01b0 v\u1edbi t\u1ed5ng v\u1ed1n \u0111\u0103ng k\u00fd 71,85 t\u1ef7 USD, v\u1edbi h\u01a1n 9.000 d\u1ef1 \u00e1n c\u00f2n hi\u1ec7u l\u1ef1c; \u0111\u1ee9ng th\u1ee9 2 v\u1ec1 ODA (sau Nh\u1eadt B\u1ea3n) v\u00e0 th\u1ee9 hai v\u1ec1 th\u01b0\u01a1ng m\u1ea1i (sau Trung Qu\u1ed1c). V\u1edbi c\u00e1c m\u1eb7t h\u00e0ng mang t\u00ednh b\u1ed5 tr\u1ee3, b\u1ed5 sung cao, trong 5 n\u0103m qua, kim ng\u1ea1ch th\u01b0\u01a1ng m\u1ea1i t\u0103ng 2 l\u1ea7n, \u0111\u1ea1t h\u01a1n 60 t\u1ef7 USD. Theo s\u1ed1 li\u1ec7u th\u1ed1ng k\u00ea, 5 th\u00e1ng \u0111\u1ea7u n\u0103m 2021, kim ng\u1ea1ch th\u01b0\u01a1ng m\u1ea1i song ph\u01b0\u01a1ng \u0111\u1ea1t 24,9 t\u1ef7 USD, t\u0103ng 15,5% so v\u1edbi c\u00f9ng k\u1ef3 n\u0103m 2020, trong \u0111\u00f3, Vi\u1ec7t Nam xu\u1ea5t kh\u1ea9u \u0111\u1ea1t 8,9 t\u1ef7 USD, t\u0103ng 17,1%; nh\u1eadp kh\u1ea9u \u0111\u1ea1t 20,9 t\u1ef7 USD, t\u0103ng 19,2%.<\/p>\n<p style=\"text-align: justify;\">ENTECH HANOI l\u00e0 tri\u1ec3n l\u00e3m chuy\u00ean ng\u00e0nh trong l\u0129nh v\u1ef1c n\u0103ng l\u01b0\u1ee3ng v\u00e0 m\u00f4i tr\u01b0\u1eddng \u0111\u01b0\u1ee3c th\u00e0nh ph\u1ed1 Busan v\u00e0 th\u00e0nh ph\u1ed1 H\u00e0 N\u1ed9i ch\u1ec9 \u0111\u1ea1o t\u1ed5 ch\u1ee9c t\u1eeb n\u0103m 2009. Trong 2 n\u0103m g\u1ea7n \u0111\u00e2y, do \u1ea3nh h\u01b0\u1edfng c\u1ee7a d\u1ecbch b\u1ec7nh COVID-19, ngo\u00e0i c\u00e1c ho\u1ea1t \u0111\u1ed9ng tri\u1ec3n l\u00e3m th\u00f4ng th\u01b0\u1eddng, Ban t\u1ed5 ch\u1ee9c c\u00f2n t\u1eadp trung v\u00e0o c\u00e1c ho\u1ea1t \u0111\u1ed9ng giao th\u01b0\u01a1ng tr\u1ef1c tuy\u1ebfn nh\u1eb1m t\u1ea1o c\u1ea7u n\u1ed1i hi\u1ec7u qu\u1ea3 gi\u1eefa c\u00e1c doanh nghi\u1ec7p 2 n\u01b0\u1edbc. Ch\u01b0\u01a1ng tr\u00ecnh giao th\u01b0\u01a1ng tr\u1ef1c tuy\u1ebfn (1-1 th\u00f4ng qua ph\u1ea7n m\u1ec1m Zoom) s\u1ebd \u0111\u01b0\u1ee3c C\u00f4ng ty Global Expo ph\u1ed1i h\u1ee3p v\u1edbi Trung t\u00e2m tri\u1ec3n l\u00e3m BEXCO v\u00e0 m\u1ed9t s\u1ed1 t\u1ed5 ch\u1ee9c H\u00e0n Qu\u1ed1c trong 2 ng\u00e0y 30.11 &#8211; 11.12 n\u0103m 2021.<\/p>\n<p>K\u00ednh m\u1eddi c\u00e1c doanh nghi\u1ec7p, t\u1ed5 ch\u1ee9c quan t\u00e2m \u0111\u0103ng k\u00fd tham gia ch\u01b0\u01a1ng tr\u00ecnh.<\/p>\n<p><strong><em>Th\u00f4ng tin chung v\u1ec1 ch\u01b0\u01a1ng tr\u00ecnh: <\/em><\/strong><\/p>\n<p>M\u1ee5c \u0111\u00edch: L\u00e0 m\u1ed9t ph\u1ea7n c\u1ee7a tri\u1ec3n l\u00e3m ENTECH HANOI 2021, ch\u01b0\u01a1ng tr\u00ecnh \u0111\u01b0\u1ee3c t\u1ed5 ch\u1ee9c nh\u1eb1m k\u1ebft n\u1ed1i giao th\u01b0\u01a1ng 1 &#8211; 1 gi\u1eefa doanh nghi\u1ec7p H\u00e0n Qu\u1ed1c v\u00e0 Vi\u1ec7t Nam<\/p>\n<p>Ng\u00e0y: 30.11 &#8211; 01 th\u00e1ng 12 n\u0103m 2021 (2 ng\u00e0y)<\/p>\n<p>\u0110\u01a1n v\u1ecb t\u1ed5 ch\u1ee9c Vi\u1ec7t Nam: Global Expo<\/p>\n<p>\u0110\u1ed1i t\u00e1c H\u00e0n Qu\u1ed1c: BEXCO, KOTRA, KOCHAM<\/p>\n<p>Ng\u00f4n ng\u1eef: H\u00e0n-Vi\u1ec7t (Phi\u00ean d\u1ecbch tu\u1ea7n t\u1ef1) * Doanh nghi\u1ec7p s\u1ebd \u0111\u01b0\u1ee3c cung c\u1ea5p th\u00f4ng d\u1ecbch vi\u00ean mi\u1ec5n ph\u00ed<\/p>\n<p>\u0110\u1ecba \u0111i\u1ec3m: Online<\/p>\n<p>Ph\u00ed tham gia: Mi\u1ec5n ph\u00ed 100%<\/p>\n<p><strong>Doanh nghi\u1ec7p H\u00e0n Qu\u1ed1c bao g\u1ed3m h\u01a1n<\/strong><strong> 50 c\u00f4ng ty <\/strong><strong>\u0111\u1eb7c bi\u1ec7t quan t\u00e2m t\u1edbi th\u1ecb tr\u01b0\u1eddng Vi\u1ec7t Nam <\/strong><strong>v\u1ec1 <\/strong><strong>c\u00e1c l\u0129nh v\u1ef1c sau (<a href=\"http:\/\/globalexpo.com.vn\/wp-content\/uploads\/2021\/11\/Danh-sach-giao-thuong-Han-Quoc.xlsx\">Chi ti\u1ebft theo file \u0111\u00ednh k\u00e8m<\/a>): <\/strong><\/p>\n<p>&#8211; N\u01b0\u1edbc: X\u1eed l\u00fd n\u01b0\u1edbc th\u1ea3i, n\u01b0\u1edbc sinh ho\u1ea1t<\/p>\n<p>&#8211; Kh\u00f4ng kh\u00ed: X\u1eed l\u00fd \u00f4 nhi\u1ec5m kh\u00f4ng kh\u00ed, Thi\u1ebft b\u1ecb quan tr\u1eafc v\u00e0 \u0111o l\u01b0\u1eddng<\/p>\n<p>&#8211; Thi\u1ebft b\u1ecb &amp; Ph\u1ee5 t\u00f9ng: M\u00e1y ph\u00e2n t\u00edch kh\u00ed, van, bi ng\u1eafn\u2026<\/p>\n<p>&#8211; C\u00f4ng ngh\u1ec7 v\u00e0 thi\u1ebft b\u1ecb ti\u1ebft ki\u1ec7m n\u0103ng l\u01b0\u1ee3ng: L\u00f2 h\u01a1i, Chuy\u1ec3n m\u1ea1ch ngu\u1ed3n \u0111i\u1ec7n<\/p>\n<p>&#8211; \u0110\u00e8n LED v\u00e0 h\u1ec7 th\u1ed1ng qu\u1ea3n l\u00fd chi\u1ebfu s\u00e1ng<\/p>\n<p><strong>\u0110\u1ed1i t\u01b0\u1ee3ng Vi\u1ec7t Nam c\u00f3 th\u1ec3 tham gia ch\u01b0\u01a1ng tr\u00ecnh: <\/strong><\/p>\n<p>&#8211; C\u00e1c nh\u00e0 m\u00e1y c\u00f3 nhu c\u1ea7u mua linh ph\u1ee5 ki\u1ec7n ph\u1ee5c v\u1ee5 s\u1ea3n xu\u1ea5t<\/p>\n<p>&#8211; C\u00e1c c\u00f4ng ty kinh doanh, nghi\u00ean c\u1ee9u trong l\u0129nh v\u1ef1c n\u0103ng l\u01b0\u1ee3ng v\u00e0 m\u00f4i tr\u01b0\u1eddng<\/p>\n<p>&#8211; C\u00e1c c\u00f4ng ty ho\u1ea1t \u0111\u1ed9ng kinh doanh nh\u1eadp kh\u1ea9u, \u0111\u1ea1i l\u00fd<\/p>\n<p>&#8211; C\u00e1c hi\u1ec7p h\u1ed9i, vi\u1ec7n ngh i\u00ean c\u1ee9u c\u1ea7n t\u00ecm hi\u1ec3u v\u1ec1 c\u00e1c s\u1ea3n ph\u1ea9m, c\u00f4ng ngh\u1ec7 m\u1edbi c\u1ee7a H\u00e0n Qu\u1ed1c<\/p>\n<p>&#8211; C\u00e1c c\u01a1 quan qu\u1ea3n l\u00fd, ch\u00ednh ph\u1ee7 c\u1ea7n t\u00ecm hi\u1ec3u v\u1ec1 c\u00e1c s\u1ea3n ph\u1ea9m, c\u00f4ng ngh\u1ec7, ph\u1ee5c v\u1ee5 c\u00e1c d\u1ef1 \u00e1n mua s\u1eafm c\u00f4ng<\/p>\n<p>&#8211; C\u00e1c c\u00e1 nh\u00e2n quan t\u00e2m \u0111\u1ebfn l\u0129nh v\u1ef1c khoa h\u1ecdc, c\u00f4ng ngh\u1ec7 m\u00f4i tr\u01b0\u1eddng, n\u0103ng l\u01b0\u1ee3ng<\/p>\n<p><strong>S\u1ed1 l\u01b0\u1ee3ng \u0111\u0103ng k\u00fd: 20 &#8211; 30 doanh nghi\u1ec7p<\/strong><\/p>\n<p><strong><em>T\u1ed5 ch\u1ee9c, c\u00e1 nh\u00e2n quan t\u00e2m xin \u0111i\u1ec1n th\u00f4ng tin v\u00e0o <a href=\"http:\/\/entechvietnam.com\/wp-content\/uploads\/2021\/10\/Registration-Form.docx\">B\u1ea3n \u0111\u0103ng k\u00fd<\/a> \u0111\u00ednh k\u00e8m v\u00e0 g\u1eedi v\u1ec1 \u0111\u1ecba ch\u1ec9 <\/em><\/strong><a href=\"mailto:sales@globalexpo.com.vn\"><strong><em>sales@globalexpo.com.vn<\/em><\/strong><\/a><\/p>\n<p><strong>\u00a0<\/strong><strong>M\u1ecdi th\u00f4ng tin xin li\u00ean h\u1ec7:<\/strong><\/p>\n<p><strong>C\u00d4NG TY CP T\u1ed4 CH\u1ee8C S\u1ef0 KI\u1ec6N V\u00c0 H\u1ed8I CH\u1ee2 TO\u00c0N C\u1ea6U<\/strong><\/p>\n<p>\u0110\u1ecba ch\u1ec9: T\u1ea7ng 2, A24\/D7, khu \u0111\u00f4 th\u1ecb m\u1edbi C\u1ea7u Gi\u1ea5y, ph\u01b0\u1eddng D\u1ecbch V\u1ecdng, qu\u1eadn C\u1ea7u Gi\u1ea5y, H\u00e0 N\u1ed9i<\/p>\n<p>\u0110i\u1ec7n tho\u1ea1i: 024-37553414 \/ Hotline: 0983 109 909 (Mr. Vinh)<\/p>\n","protected":false},"excerpt":{"rendered":"<p>H\u1ed8I NGH\u1eca GIAO TH\u01af\u01a0NG TR\u1ef0C TUY\u1ebeN VI\u1ec6T \u2013 H\u00c0N NG\u00c0NH N\u0102NG L\u01af\u1ee2NG, M\u00d4I TR\u01af\u1edcNG \u00ad\u00adHi\u1ec7n nay, H\u00e0n Qu\u1ed1c l\u00e0 m\u1ed9t trong nh\u1eefng \u0111\u1ed1i t\u00e1c quan tr\u1ecdng h\u00e0ng \u0111\u1ea7u c\u1ee7a Vi\u1ec7t Nam, \u0111\u1ee9ng th\u1ee9 nh\u1ea5t v\u1ec1 \u0111\u1ea7u t\u01b0 v\u1edbi t\u1ed5ng v\u1ed1n \u0111\u0103ng k\u00fd 71,85 t\u1ef7 USD, v\u1edbi h\u01a1n 9.000 d\u1ef1 \u00e1n c\u00f2n hi\u1ec7u l\u1ef1c; \u0111\u1ee9ng th\u1ee9<a class=\"read-more\" href=\"https:\/\/globalexpo.com.vn\/?page_id=286\">&#8230;[Read More]<\/a><\/p>\n","protected":false},"author":3,"featured_media":1141,"parent":0,"menu_order":0,"comment_status":"closed","ping_status":"closed","template":"templates\/event.php","meta":{"_acf_changed":false,"footnotes":""},"class_list":["post-286","page","type-page","status-publish","has-post-thumbnail","hentry"],"acf":[],"_links":{"self":[{"href":"https:\/\/globalexpo.com.vn\/index.php?rest_route=\/wp\/v2\/pages\/286","targetHints":{"allow":["GET"]}}],"collection":[{"href":"https:\/\/globalexpo.com.vn\/index.php?rest_route=\/wp\/v2\/pages"}],"about":[{"href":"https:\/\/globalexpo.com.vn\/index.php?rest_route=\/wp\/v2\/types\/page"}],"author":[{"embeddable":true,"href":"https:\/\/globalexpo.com.vn\/index.php?rest_route=\/wp\/v2\/users\/3"}],"replies":[{"embeddable":true,"href":"https:\/\/globalexpo.com.vn\/index.php?rest_route=%2Fwp%2Fv2%2Fcomments&post=286"}],"version-history":[{"count":0,"href":"https:\/\/globalexpo.com.vn\/index.php?rest_route=\/wp\/v2\/pages\/286\/revisions"}],"wp:featuredmedia":[{"embeddable":true,"href":"https:\/\/globalexpo.com.vn\/index.php?rest_route=\/wp\/v2\/media\/1141"}],"wp:attachment":[{"href":"https:\/\/globalexpo.com.vn\/index.php?rest_route=%2Fwp%2Fv2%2Fmedia&parent=286"}],"curies":[{"name":"wp","href":"https:\/\/api.w.org\/{rel}","templated":true}]}}