{"id":778,"date":"2015-12-01T15:46:33","date_gmt":"2015-12-01T08:46:33","guid":{"rendered":"http:\/\/globalexpo.com.vn\/?page_id=778"},"modified":"2026-03-04T09:24:08","modified_gmt":"2026-03-04T02:24:08","slug":"trien-lam","status":"publish","type":"page","link":"https:\/\/globalexpo.com.vn\/?page_id=778","title":{"rendered":"Tri\u1ec3n l\u00e3m"},"content":{"rendered":"\n\t<style>\n\t\t.hoi_cho_trien_lam{\n\t\t\tdisplay:grid;\n\t\t\tgrid-template-columns:repeat(2,1fr);\n\t\t\tgap:20px;\n\t\t}\n\n\t\t\/* card *\/\n\n\t\t.hoi_cho_trien_lam .item{\n\t\t\tbackground:#fff;\n\t\t\tborder-radius:18px;\n\t\t\tpadding:30px;\n\t\t\ttext-align:center;\n\t\t\tborder:1px solid #d5d5d5;\n\t\t\ttransition:all .3s ease;\n\n\t\t\tdisplay:flex;\n\t\t\tflex-direction:column;\n\t\t}\n\n\t\t\/* hover *\/\n\n\t\t.hoi_cho_trien_lam .item:hover{\n\t\t\ttransform:translateY(-8px);\n\t\t\tbox-shadow:0 20px 50px rgba(0,0,0,0.12);\n\t\t}\n\n\t\t\/* logo *\/\n\n\t\t.hoi_cho_trien_lam .logo-hoi-cho{\n\t\t\twidth:180px;\n\t\t\theight:110px;\n\t\t\tobject-fit:contain;\n\t\t\tmargin:0 auto 20px auto;\n\t\t}\n\n\t\t\/* title *\/\n\n\t\t.hoi_cho_trien_lam .title_hoi_cho{\n\t\t\tfont-size:20px;\n\t\t\tfont-weight:700;\n\t\t\tcolor:#005494;\n\t\t\tline-height:1.4;\n\t\t\tmargin-bottom:15px;\n\n\t\t\tdisplay:-webkit-box;\n\t\t\t-webkit-line-clamp:2;\n\t\t\t-webkit-box-orient:vertical;\n\t\t\toverflow:hidden;\n\n\t\t\tmin-height:56px;\n\t\t}\n\n\t\t\/* time *\/\n\n\t\t.hoi_cho_trien_lam .time_hoi_cho{\n\t\t\tfont-size:18px;\n\t\t\tfont-weight:600;\n\t\t\tcolor:#111;\n\t\t\tmargin-bottom:10px;\n\t\t}\n\n\t\t\/* location *\/\n\n\t\t.hoi_cho_trien_lam .address_hoi_cho{\n\t\t\tfont-size:14px;\n\t\t\tcolor:#555;\n\t\t\tline-height:1.6;\n\t\t\tmargin-bottom:20px;\n\t\t}\n\n\t\t\/* button *\/\n\n\t\t.hoi_cho_trien_lam .btn-group{\n\t\t\tmargin-top:auto;\n\t\t}\n\n\t\t.hoi_cho_trien_lam a{\n\t\t\tdisplay:inline-block;\n\t\t\tpadding:8px 18px;\n\t\t\tborder-radius:30px;\n\t\t\tfont-size:14px;\n\t\t\ttext-decoration:none;\n\t\t\tmargin:5px;\n\t\t\ttransition:.25s;\n\t\t}\n\n\t\t\/* primary button *\/\n\n\t\t.hoi_cho_trien_lam .btn-main{\n\t\t\tbackground:#005494;\n\t\t\tcolor:#fff;\n\t\t}\n\n\t\t.hoi_cho_trien_lam .btn-main:hover{\n\t\t\tbackground:#003f6d;\n\t\t}\n\n\t\t\/* outline button *\/\n\n\t\t.hoi_cho_trien_lam .btn-outline{\n\t\t\tborder:1px solid #005494;\n\t\t\tcolor:#005494;\n\t\t}\n\n\t\t.hoi_cho_trien_lam .btn-outline:hover{\n\t\t\tbackground:#005494;\n\t\t\tcolor:#fff;\n\t\t}\n\n\t\t\/* mobile *\/\n\n\t\t@media(max-width:768px){\n\n\t\t.hoi_cho_trien_lam{\n\t\t\tgrid-template-columns:1fr;\n\t\t}\n\n\t\t}\n\t<\/style>\n\n\t<div class=\"hoi_cho_trien_lam\">\n\n\t\t\n\t\t<div class=\"column\">\n\t\t\t<div class=\"item\">\n\n\t\t\t\t<img decoding=\"async\" src=\"https:\/\/globalexpo.com.vn\/wp-content\/uploads\/2026\/03\/ENTECHHANOI2026-e1772682877606.png\" class=\"logo-hoi-cho\">\n\n\t\t\t\t<h3 class=\"title_hoi_cho\">\n\t\t\t\t\tH\u1ed9i ch\u1ee3 tri\u1ec3n l\u00e3m qu\u1ed1c t\u1ebf C\u00f4ng ngh\u1ec7 N\u0103ng l\u01b0\u1ee3ng - M\u00f4i tr\u01b0\u1eddng H\u00e0 N\u1ed9i l\u1ea7n th\u1ee9 17 (ENTECH HANOI 2026)\t\t\t\t<\/h3>\n\n\t\t\t\t<div class=\"time_hoi_cho\">\n\t\t\t\t\t24 - 26 \/ 06 \/ 2026\t\t\t\t<\/div>\n\n\t\t\t\t<p class=\"address_hoi_cho\">\n\t\t\t\t\tTrung t\u00e2m Tri\u1ec3n l\u00e3m qu\u1ed1c t\u1ebf I.C.E Hanoi - 91 Tr\u1ea7n H\u01b0ng \u0110\u1ea1o, qu\u1eadn Ho\u00e0n Ki\u1ebfm, H\u00e0 N\u1ed9i.\t\t\t\t<\/p>\n\n\t\t\t\t<div class=\"btn-group\">\n\n\t\t\t\t\t<a class=\"btn-outline\"\n\t\t\t\t\t   href=\"https:\/\/entechhanoi.vn\/\">\n\t\t\t\t\t   T\u00ecm hi\u1ec3u th\u00eam\t\t\t\t\t<\/a>\n\n\t\t\t\t\t<a class=\"btn-main\"\n\t\t\t\t\t   href=\"https:\/\/entechhanoi.vn\/\"\n\t\t\t\t\t   target=\"_blank\">\n\t\t\t\t\t   Truy c\u1eadp Website\t\t\t\t\t<\/a>\n\n\t\t\t\t<\/div>\n\n\t\t\t<\/div>\n\t\t<\/div>\n\n\t\t\n\t\t<div class=\"column\">\n\t\t\t<div class=\"item\">\n\n\t\t\t\t<img decoding=\"async\" src=\"https:\/\/globalexpo.com.vn\/wp-content\/uploads\/2026\/03\/ENVIROTEX2026-e1772683004706.png\" class=\"logo-hoi-cho\">\n\n\t\t\t\t<h3 class=\"title_hoi_cho\">\n\t\t\t\t\tTri\u1ec3n l\u00e3m qu\u1ed1c t\u1ebf C\u00f4ng ngh\u1ec7 m\u00f4i tr\u01b0\u1eddng, N\u01b0\u1edbc v\u00e0 V\u1ec7 sinh c\u00f4ng nghi\u1ec7p Vi\u1ec7t Nam 2026\t\t\t\t<\/h3>\n\n\t\t\t\t<div class=\"time_hoi_cho\">\n\t\t\t\t\t24 - 26 \/ 06 \/ 2026\t\t\t\t<\/div>\n\n\t\t\t\t<p class=\"address_hoi_cho\">\n\t\t\t\t\tTrung t\u00e2m Tri\u1ec3n l\u00e3m qu\u1ed1c t\u1ebf I.C.E Hanoi - 91 Tr\u1ea7n H\u01b0ng \u0110\u1ea1o, qu\u1eadn Ho\u00e0n Ki\u1ebfm, H\u00e0 N\u1ed9i.\t\t\t\t<\/p>\n\n\t\t\t\t<div class=\"btn-group\">\n\n\t\t\t\t\t<a class=\"btn-outline\"\n\t\t\t\t\t   href=\"https:\/\/envirotexvietnam.com\/\">\n\t\t\t\t\t   T\u00ecm hi\u1ec3u th\u00eam\t\t\t\t\t<\/a>\n\n\t\t\t\t\t<a class=\"btn-main\"\n\t\t\t\t\t   href=\"https:\/\/envirotexvietnam.com\/\"\n\t\t\t\t\t   target=\"_blank\">\n\t\t\t\t\t   Truy c\u1eadp Website\t\t\t\t\t<\/a>\n\n\t\t\t\t<\/div>\n\n\t\t\t<\/div>\n\t\t<\/div>\n\n\t\t\n\t\t<div class=\"column\">\n\t\t\t<div class=\"item\">\n\n\t\t\t\t<img decoding=\"async\" src=\"https:\/\/globalexpo.com.vn\/wp-content\/uploads\/2026\/03\/VISOTECH2026-e1772683240216.png\" class=\"logo-hoi-cho\">\n\n\t\t\t\t<h3 class=\"title_hoi_cho\">\n\t\t\t\t\tTri\u1ec3n l\u00e3m qu\u1ed1c t\u1ebf Vi m\u1ea1ch B\u00e1n d\u1eabn, Quang \u0111i\u1ec7n t\u1eed v\u00e0 C\u00f4ng ngh\u1ec7 Th\u00f4ng minh Vi\u1ec7t Nam l\u1ea7n th\u1ee9 hai 2026\t\t\t\t<\/h3>\n\n\t\t\t\t<div class=\"time_hoi_cho\">\n\t\t\t\t\t26 - 28 \/ 08 \/ 2026\t\t\t\t<\/div>\n\n\t\t\t\t<p class=\"address_hoi_cho\">\n\t\t\t\t\tTrung t\u00e2m tri\u1ec3n l\u00e3m qu\u1ed1c gia (VEC)\t\t\t\t<\/p>\n\n\t\t\t\t<div class=\"btn-group\">\n\n\t\t\t\t\t<a class=\"btn-outline\"\n\t\t\t\t\t   href=\"https:\/\/vioe.vn\/\">\n\t\t\t\t\t   T\u00ecm hi\u1ec3u th\u00eam\t\t\t\t\t<\/a>\n\n\t\t\t\t\t<a class=\"btn-main\"\n\t\t\t\t\t   href=\"https:\/\/vioe.vn\/\"\n\t\t\t\t\t   target=\"_blank\">\n\t\t\t\t\t   Truy c\u1eadp Website\t\t\t\t\t<\/a>\n\n\t\t\t\t<\/div>\n\n\t\t\t<\/div>\n\t\t<\/div>\n\n\t\t\n\t\t<div class=\"column\">\n\t\t\t<div class=\"item\">\n\n\t\t\t\t<img decoding=\"async\" src=\"https:\/\/globalexpo.com.vn\/wp-content\/uploads\/2026\/03\/HITECH2026.png\" class=\"logo-hoi-cho\">\n\n\t\t\t\t<h3 class=\"title_hoi_cho\">\n\t\t\t\t\tTri\u1ec3n l\u00e3m qu\u1ed1c t\u1ebf C\u00f4ng ngh\u1ec7 cao v\u00e0 Kinh t\u1ebf s\u1ed1 Vi\u1ec7t Nam 2026 (HI-TECH VIETNAM 2026)\t\t\t\t<\/h3>\n\n\t\t\t\t<div class=\"time_hoi_cho\">\n\t\t\t\t\t26 - 28 \/ 08 \/ 2026\t\t\t\t<\/div>\n\n\t\t\t\t<p class=\"address_hoi_cho\">\n\t\t\t\t\tTrung t\u00e2m tri\u1ec3n l\u00e3m qu\u1ed1c gia (VEC)\t\t\t\t<\/p>\n\n\t\t\t\t<div class=\"btn-group\">\n\n\t\t\t\t\t<a class=\"btn-outline\"\n\t\t\t\t\t   href=\"https:\/\/vioe.vn\/\">\n\t\t\t\t\t   T\u00ecm hi\u1ec3u th\u00eam\t\t\t\t\t<\/a>\n\n\t\t\t\t\t<a class=\"btn-main\"\n\t\t\t\t\t   href=\"https:\/\/vioe.vn\/\"\n\t\t\t\t\t   target=\"_blank\">\n\t\t\t\t\t   Truy c\u1eadp Website\t\t\t\t\t<\/a>\n\n\t\t\t\t<\/div>\n\n\t\t\t<\/div>\n\t\t<\/div>\n\n\t\t\n\t\t<div class=\"column\">\n\t\t\t<div class=\"item\">\n\n\t\t\t\t<img decoding=\"async\" src=\"https:\/\/globalexpo.com.vn\/wp-content\/uploads\/2026\/03\/AI_SHOW2026.png\" class=\"logo-hoi-cho\">\n\n\t\t\t\t<h3 class=\"title_hoi_cho\">\n\t\t\t\t\tTri\u1ec3n l\u00e3m qu\u1ed1c t\u1ebf Tr\u00ed tu\u1ec7 nh\u00e2n t\u1ea1o v\u00e0 Thi\u1ebft b\u1ecb c\u00f4ng ngh\u1ec7 s\u1ed1, th\u00f4ng tin v\u00e0 \u0110i\u1ec7n t\u1eed Vi\u1ec7t Nam 2026 \t\t\t\t<\/h3>\n\n\t\t\t\t<div class=\"time_hoi_cho\">\n\t\t\t\t\t26 - 28 \/ 08 \/ 2026\t\t\t\t<\/div>\n\n\t\t\t\t<p class=\"address_hoi_cho\">\n\t\t\t\t\tTrung t\u00e2m tri\u1ec3n l\u00e3m qu\u1ed1c gia (VEC)\t\t\t\t<\/p>\n\n\t\t\t\t<div class=\"btn-group\">\n\n\t\t\t\t\t<a class=\"btn-outline\"\n\t\t\t\t\t   href=\"https:\/\/vioe.vn\/\">\n\t\t\t\t\t   T\u00ecm hi\u1ec3u th\u00eam\t\t\t\t\t<\/a>\n\n\t\t\t\t\t<a class=\"btn-main\"\n\t\t\t\t\t   href=\"https:\/\/vioe.vn\/\"\n\t\t\t\t\t   target=\"_blank\">\n\t\t\t\t\t   Truy c\u1eadp Website\t\t\t\t\t<\/a>\n\n\t\t\t\t<\/div>\n\n\t\t\t<\/div>\n\t\t<\/div>\n\n\t\t\n\t\t<div class=\"column\">\n\t\t\t<div class=\"item\">\n\n\t\t\t\t<img decoding=\"async\" src=\"https:\/\/globalexpo.com.vn\/wp-content\/uploads\/2026\/03\/UAV_SHOW2026.png\" class=\"logo-hoi-cho\">\n\n\t\t\t\t<h3 class=\"title_hoi_cho\">\n\t\t\t\t\tTri\u1ec3n l\u00e3m &amp; Di\u1ec5n \u0111\u00e0n Qu\u1ed1c t\u1ebf Vi\u1ec7t Nam v\u1ec1 Kinh t\u1ebf t\u1ea7m th\u1ea5p v\u00e0 C\u00f4ng nghi\u1ec7p UAV\t\t\t\t<\/h3>\n\n\t\t\t\t<div class=\"time_hoi_cho\">\n\t\t\t\t\t26 - 28 \/ 08 \/ 2026\t\t\t\t<\/div>\n\n\t\t\t\t<p class=\"address_hoi_cho\">\n\t\t\t\t\tTrung t\u00e2m tri\u1ec3n l\u00e3m qu\u1ed1c gia (VEC)\t\t\t\t<\/p>\n\n\t\t\t\t<div class=\"btn-group\">\n\n\t\t\t\t\t<a class=\"btn-outline\"\n\t\t\t\t\t   href=\"https:\/\/vioe.vn\/\">\n\t\t\t\t\t   T\u00ecm hi\u1ec3u th\u00eam\t\t\t\t\t<\/a>\n\n\t\t\t\t\t<a class=\"btn-main\"\n\t\t\t\t\t   href=\"https:\/\/vioe.vn\/\"\n\t\t\t\t\t   target=\"_blank\">\n\t\t\t\t\t   Truy c\u1eadp Website\t\t\t\t\t<\/a>\n\n\t\t\t\t<\/div>\n\n\t\t\t<\/div>\n\t\t<\/div>\n\n\t\t\n\t\t<div class=\"column\">\n\t\t\t<div class=\"item\">\n\n\t\t\t\t<img decoding=\"async\" src=\"https:\/\/globalexpo.com.vn\/wp-content\/uploads\/2026\/03\/CMES_VECM2026.png\" class=\"logo-hoi-cho\">\n\n\t\t\t\t<h3 class=\"title_hoi_cho\">\n\t\t\t\t\tTri\u1ec3n l\u00e3m Qu\u1ed1c t\u1ebf Linh ki\u1ec7n, nguy\u00ean v\u1eadt li\u1ec7u v\u00e0 thi\u1ebft b\u1ecb s\u1ea3n xu\u1ea5t Ng\u00e0nh \u0111i\u1ec7n t\u1eed CMES Vi\u1ec7t Nam 2026\t\t\t\t<\/h3>\n\n\t\t\t\t<div class=\"time_hoi_cho\">\n\t\t\t\t\t26 - 28 \/ 08 \/ 2026\t\t\t\t<\/div>\n\n\t\t\t\t<p class=\"address_hoi_cho\">\n\t\t\t\t\tTrung t\u00e2m tri\u1ec3n l\u00e3m qu\u1ed1c gia (VEC)\t\t\t\t<\/p>\n\n\t\t\t\t<div class=\"btn-group\">\n\n\t\t\t\t\t<a class=\"btn-outline\"\n\t\t\t\t\t   href=\"https:\/\/vioe.vn\/\">\n\t\t\t\t\t   T\u00ecm hi\u1ec3u th\u00eam\t\t\t\t\t<\/a>\n\n\t\t\t\t\t<a class=\"btn-main\"\n\t\t\t\t\t   href=\"https:\/\/vioe.vn\/\"\n\t\t\t\t\t   target=\"_blank\">\n\t\t\t\t\t   Truy c\u1eadp Website\t\t\t\t\t<\/a>\n\n\t\t\t\t<\/div>\n\n\t\t\t<\/div>\n\t\t<\/div>\n\n\t\t\n\t\t<div class=\"column\">\n\t\t\t<div class=\"item\">\n\n\t\t\t\t<img decoding=\"async\" src=\"https:\/\/globalexpo.com.vn\/wp-content\/uploads\/2026\/03\/BATTERYEXPO2026-e1772684023935.png\" class=\"logo-hoi-cho\">\n\n\t\t\t\t<h3 class=\"title_hoi_cho\">\n\t\t\t\t\tTri\u1ec3n l\u00e3m qu\u1ed1c t\u1ebf C\u00f4ng ngh\u1ec7 Pin, Ngu\u1ed3n \u0111i\u1ec7n v\u00e0 L\u01b0u tr\u1eef N\u0103ng l\u01b0\u1ee3ng Vi\u1ec7t Nam l\u1ea7n th\u1ee9 ba 2026\t\t\t\t<\/h3>\n\n\t\t\t\t<div class=\"time_hoi_cho\">\n\t\t\t\t\t09 - 11\/ 09 \/ 2026\t\t\t\t<\/div>\n\n\t\t\t\t<p class=\"address_hoi_cho\">\n\t\t\t\t\tTrung t\u00e2m tri\u1ec3n l\u00e3m qu\u1ed1c gia (VEC)\t\t\t\t<\/p>\n\n\t\t\t\t<div class=\"btn-group\">\n\n\t\t\t\t\t<a class=\"btn-outline\"\n\t\t\t\t\t   href=\"https:\/\/batteryexpo.vn\/\">\n\t\t\t\t\t   T\u00ecm hi\u1ec3u th\u00eam\t\t\t\t\t<\/a>\n\n\t\t\t\t\t<a class=\"btn-main\"\n\t\t\t\t\t   href=\"https:\/\/batteryexpo.vn\/\"\n\t\t\t\t\t   target=\"_blank\">\n\t\t\t\t\t   Truy c\u1eadp Website\t\t\t\t\t<\/a>\n\n\t\t\t\t<\/div>\n\n\t\t\t<\/div>\n\t\t<\/div>\n\n\t\t\n\t\t<div class=\"column\">\n\t\t\t<div class=\"item\">\n\n\t\t\t\t<img decoding=\"async\" src=\"https:\/\/globalexpo.com.vn\/wp-content\/uploads\/2026\/03\/EVSHOW2026-1.png\" class=\"logo-hoi-cho\">\n\n\t\t\t\t<h3 class=\"title_hoi_cho\">\n\t\t\t\t\tTri\u1ec3n l\u00e3m qu\u1ed1c t\u1ebf C\u00f4ng nghi\u1ec7p xe \u0111i\u1ec7n v\u00e0 C\u00f4ng ngh\u1ec7 S\u1ea1c \u0111i\u1ec7n \u0111\u1ed5i pin Vi\u1ec7t Nam 2026\t\t\t\t<\/h3>\n\n\t\t\t\t<div class=\"time_hoi_cho\">\n\t\t\t\t\t09 - 11\/ 09 \/ 2026\t\t\t\t<\/div>\n\n\t\t\t\t<p class=\"address_hoi_cho\">\n\t\t\t\t\tTrung t\u00e2m tri\u1ec3n l\u00e3m qu\u1ed1c gia (VEC)\t\t\t\t<\/p>\n\n\t\t\t\t<div class=\"btn-group\">\n\n\t\t\t\t\t<a class=\"btn-outline\"\n\t\t\t\t\t   href=\"https:\/\/evvietnam.net\/\">\n\t\t\t\t\t   T\u00ecm hi\u1ec3u th\u00eam\t\t\t\t\t<\/a>\n\n\t\t\t\t\t<a class=\"btn-main\"\n\t\t\t\t\t   href=\"https:\/\/evvietnam.net\/\"\n\t\t\t\t\t   target=\"_blank\">\n\t\t\t\t\t   Truy c\u1eadp Website\t\t\t\t\t<\/a>\n\n\t\t\t\t<\/div>\n\n\t\t\t<\/div>\n\t\t<\/div>\n\n\t\t\n\t\t<div class=\"column\">\n\t\t\t<div class=\"item\">\n\n\t\t\t\t<img decoding=\"async\" src=\"https:\/\/globalexpo.com.vn\/wp-content\/uploads\/2024\/11\/VCAE2025-e1772684550294.png\" class=\"logo-hoi-cho\">\n\n\t\t\t\t<h3 class=\"title_hoi_cho\">\n\t\t\t\t\tTri\u1ec3n l\u00e3m v\u00e0 Di\u1ec5n \u0111\u00e0n Qu\u1ed1c t\u1ebf N\u0103ng l\u01b0\u1ee3ng Vi\u1ec7t Nam \u2013 Trung Qu\u1ed1c \u2013 Asean l\u1ea7n th\u1ee9 hai n\u0103m 2026\t\t\t\t<\/h3>\n\n\t\t\t\t<div class=\"time_hoi_cho\">\n\t\t\t\t\t09 - 11\/ 09 \/ 2026\t\t\t\t<\/div>\n\n\t\t\t\t<p class=\"address_hoi_cho\">\n\t\t\t\t\tTrung t\u00e2m tri\u1ec3n l\u00e3m qu\u1ed1c gia (VEC)\t\t\t\t<\/p>\n\n\t\t\t\t<div class=\"btn-group\">\n\n\t\t\t\t\t<a class=\"btn-outline\"\n\t\t\t\t\t   href=\"https:\/\/vcae.com.vn\/\">\n\t\t\t\t\t   T\u00ecm hi\u1ec3u th\u00eam\t\t\t\t\t<\/a>\n\n\t\t\t\t\t<a class=\"btn-main\"\n\t\t\t\t\t   href=\"https:\/\/vcae.com.vn\/\"\n\t\t\t\t\t   target=\"_blank\">\n\t\t\t\t\t   Truy c\u1eadp Website\t\t\t\t\t<\/a>\n\n\t\t\t\t<\/div>\n\n\t\t\t<\/div>\n\t\t<\/div>\n\n\t\t\n\t<\/div>\n\n\t\n","protected":false},"excerpt":{"rendered":"H\u1ed9i ch\u1ee3 tri\u1ec3n l\u00e3m qu\u1ed1c t\u1ebf C\u00f4ng ngh\u1ec7 N\u0103ng l\u01b0\u1ee3ng - M\u00f4i tr\u01b0\u1eddng H\u00e0 N\u1ed9i l\u1ea7n th\u1ee9 17 (ENTECH HANOI 2026) 24 - 26 \/ 06 \/ 2026 Trung t\u00e2m Tri\u1ec3n l\u00e3m qu\u1ed1c t\u1ebf I.C.E Hanoi - 91 Tr\u1ea7n H\u01b0ng \u0110\u1ea1o, qu\u1eadn Ho\u00e0n Ki\u1ebfm, H\u00e0 N\u1ed9i. T\u00ecm hi\u1ec3u th\u00eam Truy c\u1eadp Website Tri\u1ec3n l\u00e3m qu\u1ed1c<a class=\"read-more\" href=\"https:\/\/globalexpo.com.vn\/?page_id=778\">...[Read More]<\/a>","protected":false},"author":3,"featured_media":0,"parent":0,"menu_order":0,"comment_status":"closed","ping_status":"closed","template":"","meta":{"_acf_changed":false,"footnotes":""},"class_list":["post-778","page","type-page","status-publish","hentry"],"acf":[],"_links":{"self":[{"href":"https:\/\/globalexpo.com.vn\/index.php?rest_route=\/wp\/v2\/pages\/778","targetHints":{"allow":["GET"]}}],"collection":[{"href":"https:\/\/globalexpo.com.vn\/index.php?rest_route=\/wp\/v2\/pages"}],"about":[{"href":"https:\/\/globalexpo.com.vn\/index.php?rest_route=\/wp\/v2\/types\/page"}],"author":[{"embeddable":true,"href":"https:\/\/globalexpo.com.vn\/index.php?rest_route=\/wp\/v2\/users\/3"}],"replies":[{"embeddable":true,"href":"https:\/\/globalexpo.com.vn\/index.php?rest_route=%2Fwp%2Fv2%2Fcomments&post=778"}],"version-history":[{"count":31,"href":"https:\/\/globalexpo.com.vn\/index.php?rest_route=\/wp\/v2\/pages\/778\/revisions"}],"predecessor-version":[{"id":1976,"href":"https:\/\/globalexpo.com.vn\/index.php?rest_route=\/wp\/v2\/pages\/778\/revisions\/1976"}],"wp:attachment":[{"href":"https:\/\/globalexpo.com.vn\/index.php?rest_route=%2Fwp%2Fv2%2Fmedia&parent=778"}],"curies":[{"name":"wp","href":"https:\/\/api.w.org\/{rel}","templated":true}]}}